{"id":619,"date":"2022-02-25T20:36:43","date_gmt":"2022-02-25T20:36:43","guid":{"rendered":"https:\/\/www.declicinformatique.com\/?page_id=619"},"modified":"2022-02-28T16:50:28","modified_gmt":"2022-02-28T16:50:28","slug":"depannage-informatique-a-belarga-34230","status":"publish","type":"page","link":"https:\/\/www.declicinformatique.com\/?page_id=619","title":{"rendered":"D\u00e9pannage informatique \u00e0 B\u00e9larga ( 34230)"},"content":{"rendered":"<div class=\"Preview_row__3Fkye row\">\n<div class=\"Preview_componentWrapper__2i4QI\" data-id=\"61CB3850-5256-417E-B81F-A72E3B97DB51\" data-kind=\"TEXT\">\n<div class=\"Preview_component__SbiKo\" data-in-template=\"false\" data-id=\"61CB3850-5256-417E-B81F-A72E3B97DB51\" data-kind=\"Component\" data-specific-kind=\"TEXT\">\n<div class=\"styles_contentContainer__lrPIa textnormal styles_text__3jGMu\">\n<p>D\u00e9clic-informatique intervient sur la commune de <a href=\"http:\/\/www.belarga.fr\/\" target=\"_blank\" rel=\"noopener\">B\u00e9larga (34230)<\/a> dans l&rsquo;H\u00e9rault et vous propose ses services d&rsquo;a<span class=\"mobile-oversized\">ssistance, maintenance, formation et d\u00e9pannage informatique<\/span> \u00e0 domicile.<\/p>\n<p>Zone d&rsquo;intervention d\u00e9clic-informatique <a href=\"https:\/\/www.declicinformatique.com\/?page_id=633\">Clermont-L&rsquo;H\u00e9rault (34)<\/a> :<\/p>\n<\/div>\n<\/div>\n<\/div>\n<\/div>\n<div class=\"Preview_row__3Fkye row\">\n<div class=\"Preview_componentWrapper__2i4QI\" data-id=\"7F1978EC-E676-4EEA-BF0E-40EB3FFA2511\" data-kind=\"TEXT\">\n<div class=\"Preview_component__SbiKo\" data-in-template=\"false\" data-id=\"7F1978EC-E676-4EEA-BF0E-40EB3FFA2511\" data-kind=\"Component\" data-specific-kind=\"TEXT\">\n<div class=\"styles_contentContainer__lrPIa textnormal styles_text__3jGMu\">\n<p class=\"mobile-oversized\"><a href=\"https:\/\/www.declicinformatique.com\/?page_id=609\">Adissan (34230)<\/a><a href=\"https:\/\/www.declicinformatique.com\/?page_id=609\">, <\/a><a href=\"https:\/\/www.declicinformatique.com\/?page_id=612\">Aniane (34150)<\/a><a href=\"https:\/\/www.declicinformatique.com\/?page_id=609\">, <\/a><a href=\"https:\/\/www.declicinformatique.com\/?page_id=615\">Arboras (34150)<\/a><a href=\"https:\/\/www.declicinformatique.com\/?page_id=609\">, <\/a><a href=\"https:\/\/www.declicinformatique.com\/?page_id=617\">Aspiran (34800)<\/a><a href=\"https:\/\/www.declicinformatique.com\/?page_id=609\">, <\/a><a href=\"https:\/\/www.declicinformatique.com\/?page_id=619\">B\u00e9larga ( 34230)<\/a><a href=\"https:\/\/www.declicinformatique.com\/?page_id=609\">, <\/a><a href=\"https:\/\/www.declicinformatique.com\/?page_id=621\">Brignac (34800)<\/a><a href=\"https:\/\/www.declicinformatique.com\/?page_id=609\">, <\/a><a href=\"https:\/\/www.declicinformatique.com\/?page_id=627\">Cabri\u00e8res (34800)<\/a><a href=\"https:\/\/www.declicinformatique.com\/?page_id=609\">,<\/a><a href=\"https:\/\/www.declicinformatique.com\/?page_id=629\">Campagnan (34230)<\/a><a href=\"https:\/\/www.declicinformatique.com\/?page_id=609\">, <\/a><a href=\"https:\/\/www.declicinformatique.com\/?page_id=631\">Canet (34800)<\/a><a href=\"https:\/\/www.declicinformatique.com\/?page_id=609\">, <\/a><a href=\"https:\/\/www.declicinformatique.com\/?page_id=594\">Ceyras (34800)<\/a><a href=\"https:\/\/www.declicinformatique.com\/?page_id=609\">, <\/a><a href=\"https:\/\/www.declicinformatique.com\/?page_id=633\">Clermont-l\u2019H\u00e9rault (34800)<\/a><a href=\"https:\/\/www.declicinformatique.com\/?page_id=609\">, <\/a><a href=\"https:\/\/www.declicinformatique.com\/?page_id=635\">Font\u00e8s (34320)<\/a><a href=\"https:\/\/www.declicinformatique.com\/?page_id=609\">, <\/a><a href=\"https:\/\/www.declicinformatique.com\/?page_id=637\">Gignac (34150)<\/a><a href=\"https:\/\/www.declicinformatique.com\/?page_id=609\">, <\/a><a href=\"https:\/\/www.declicinformatique.com\/?page_id=639\">Jonqui\u00e8res (34725)<\/a><a href=\"https:\/\/www.declicinformatique.com\/?page_id=609\">, <\/a><a href=\"https:\/\/www.declicinformatique.com\/?page_id=601\">Lacoste (34800)<\/a><a href=\"https:\/\/www.declicinformatique.com\/?page_id=609\">, <\/a><a href=\"https:\/\/www.declicinformatique.com\/?page_id=642\">Lagamas (34150)<\/a><a href=\"https:\/\/www.declicinformatique.com\/?page_id=609\">, <\/a><a href=\"https:\/\/www.declicinformatique.com\/?page_id=644\">Le Bosc (34700)<\/a><a href=\"https:\/\/www.declicinformatique.com\/?page_id=609\">, <\/a><a href=\"https:\/\/www.declicinformatique.com\/?page_id=646\">Le Pouget (34230)<\/a><a href=\"https:\/\/www.declicinformatique.com\/?page_id=609\">, <\/a><a href=\"https:\/\/www.declicinformatique.com\/?page_id=648\">Liausson (34800)<\/a><a href=\"https:\/\/www.declicinformatique.com\/?page_id=609\">, <\/a><a href=\"https:\/\/www.declicinformatique.com\/?page_id=650\">Lieuran-Cabri\u00e8res (34800)<\/a><a href=\"https:\/\/www.declicinformatique.com\/?page_id=609\">, <\/a><a href=\"https:\/\/www.declicinformatique.com\/?page_id=652\">Lod\u00e8ve (34700)<\/a><a href=\"https:\/\/www.declicinformatique.com\/?page_id=609\">, <\/a><a href=\"https:\/\/www.declicinformatique.com\/?page_id=654\">Montpeyroux (34150)<\/a><a href=\"https:\/\/www.declicinformatique.com\/?page_id=609\">, <\/a><a href=\"https:\/\/www.declicinformatique.com\/?page_id=656\">Mour\u00e8ze (34800)<\/a><a href=\"https:\/\/www.declicinformatique.com\/?page_id=609\">, <\/a><a href=\"https:\/\/www.declicinformatique.com\/?page_id=658\">N\u00e9bian (34800)<\/a><a href=\"https:\/\/www.declicinformatique.com\/?page_id=609\">, <\/a><a href=\"https:\/\/www.declicinformatique.com\/?page_id=660\">Octon (34800)<\/a><a href=\"https:\/\/www.declicinformatique.com\/?page_id=609\">, <\/a><a href=\"https:\/\/www.declicinformatique.com\/?page_id=662\">Paulhan (34230)<\/a><a href=\"https:\/\/www.declicinformatique.com\/?page_id=609\">, <\/a><a href=\"https:\/\/www.declicinformatique.com\/?page_id=664\">Peret (34800)<\/a><a href=\"https:\/\/www.declicinformatique.com\/?page_id=609\">, <\/a><a href=\"https:\/\/www.declicinformatique.com\/?page_id=666\">P\u00e9zenas (34120)<\/a><a href=\"https:\/\/www.declicinformatique.com\/?page_id=609\">, <\/a><a href=\"https:\/\/www.declicinformatique.com\/?page_id=668\">Plaissan (34230)<\/a><a href=\"https:\/\/www.declicinformatique.com\/?page_id=609\">, <\/a><a href=\"https:\/\/www.declicinformatique.com\/?page_id=670\">Pouzols (34230)<\/a><a href=\"https:\/\/www.declicinformatique.com\/?page_id=609\">, <\/a><a href=\"https:\/\/www.declicinformatique.com\/?page_id=672\">Puilacher ( 34230)<\/a><a href=\"https:\/\/www.declicinformatique.com\/?page_id=609\">, <\/a><a href=\"https:\/\/www.declicinformatique.com\/?page_id=674\">Salasc (34800)<\/a><a href=\"https:\/\/www.declicinformatique.com\/?page_id=609\">, <\/a><a href=\"https:\/\/www.declicinformatique.com\/?page_id=676\">Saint-Andr\u00e9-de-Sangonis (34725)<\/a><a href=\"https:\/\/www.declicinformatique.com\/?page_id=609\">, <\/a><a href=\"https:\/\/www.declicinformatique.com\/?page_id=678\">Saint-F\u00e9lix-de-Lodez (34725)<\/a><a href=\"https:\/\/www.declicinformatique.com\/?page_id=609\">, <\/a><a href=\"https:\/\/www.declicinformatique.com\/?page_id=680\">Saint-Guiraud (34725)<\/a><a href=\"https:\/\/www.declicinformatique.com\/?page_id=609\">, <\/a><a href=\"https:\/\/www.declicinformatique.com\/?page_id=682\">Saint-Jean-de-Fos (34150)<\/a><a href=\"https:\/\/www.declicinformatique.com\/?page_id=609\">, <\/a><a href=\"https:\/\/www.declicinformatique.com\/?page_id=678\">Saint-Jean-de-la-Blaqui\u00e8re (34700)<\/a><a href=\"https:\/\/www.declicinformatique.com\/?page_id=609\">, <\/a><a href=\"https:\/\/www.declicinformatique.com\/?page_id=684\">Saint-Saturnin-de- Lucian (34725)<\/a><a href=\"https:\/\/www.declicinformatique.com\/?page_id=609\">, <\/a><a href=\"https:\/\/www.declicinformatique.com\/?page_id=686\">Tressan (34230)<\/a><a href=\"https:\/\/www.declicinformatique.com\/?page_id=609\">, <\/a><a href=\"https:\/\/www.declicinformatique.com\/?page_id=688\">Villeneuvette (34800)<\/a><a href=\"https:\/\/www.declicinformatique.com\/?page_id=609\">&#8230;<\/a><\/p>\n<\/div>\n<\/div>\n<\/div>\n<\/div>\n","protected":false},"excerpt":{"rendered":"<p>D\u00e9clic-informatique intervient sur la commune de B\u00e9larga (34230) dans l&rsquo;H\u00e9rault et vous propose ses services d&rsquo;assistance, maintenance, formation et d\u00e9pannage informatique \u00e0 domicile. Zone d&rsquo;intervention d\u00e9clic-informatique Clermont-L&rsquo;H\u00e9rault (34) : Adissan (34230), Aniane (34150), Arboras (34150), Aspiran (34800), B\u00e9larga ( 34230), Brignac (34800), Cabri\u00e8res (34800),Campagnan (34230), Canet (34800), Ceyras (34800), Clermont-l\u2019H\u00e9rault (34800), Font\u00e8s (34320), Gignac (34150), Jonqui\u00e8res (34725), Lacoste (34800), Lagamas (34150), Le Bosc (34700), Le Pouget (34230), Liausson (34800), Lieuran-Cabri\u00e8res (34800), Lod\u00e8ve (34700), Montpeyroux (34150), Mour\u00e8ze (34800), N\u00e9bian (34800), Octon (34800), Paulhan (34230), Peret (34800), P\u00e9zenas (34120), Plaissan (34230), Pouzols (34230), Puilacher ( 34230), Salasc (34800), Saint-Andr\u00e9-de-Sangonis (34725), Saint-F\u00e9lix-de-Lodez (34725),&#8230; <\/p>\n","protected":false},"author":1,"featured_media":0,"parent":0,"menu_order":0,"comment_status":"closed","ping_status":"closed","template":"","meta":[],"_links":{"self":[{"href":"https:\/\/www.declicinformatique.com\/index.php?rest_route=\/wp\/v2\/pages\/619"}],"collection":[{"href":"https:\/\/www.declicinformatique.com\/index.php?rest_route=\/wp\/v2\/pages"}],"about":[{"href":"https:\/\/www.declicinformatique.com\/index.php?rest_route=\/wp\/v2\/types\/page"}],"author":[{"embeddable":true,"href":"https:\/\/www.declicinformatique.com\/index.php?rest_route=\/wp\/v2\/users\/1"}],"replies":[{"embeddable":true,"href":"https:\/\/www.declicinformatique.com\/index.php?rest_route=%2Fwp%2Fv2%2Fcomments&post=619"}],"version-history":[{"count":6,"href":"https:\/\/www.declicinformatique.com\/index.php?rest_route=\/wp\/v2\/pages\/619\/revisions"}],"predecessor-version":[{"id":796,"href":"https:\/\/www.declicinformatique.com\/index.php?rest_route=\/wp\/v2\/pages\/619\/revisions\/796"}],"wp:attachment":[{"href":"https:\/\/www.declicinformatique.com\/index.php?rest_route=%2Fwp%2Fv2%2Fmedia&parent=619"}],"curies":[{"name":"wp","href":"https:\/\/api.w.org\/{rel}","templated":true}]}}